{"id":213,"date":"2024-12-03T23:31:30","date_gmt":"2024-12-03T22:31:30","guid":{"rendered":"https:\/\/preziosissimo.org\/?page_id=213"},"modified":"2025-09-27T21:03:31","modified_gmt":"2025-09-27T19:03:31","slug":"orari","status":"publish","type":"page","link":"https:\/\/preziosissimo.org\/index.php\/la-parrocchia\/orari\/","title":{"rendered":"Orari Utili"},"content":{"rendered":"\n<p><a href=\"https:\/\/preziosissimo.org\/index.php\/avviso-orario-definitivo-2025\/\" data-type=\"post\" data-id=\"729\">Orario Definitivo 2025<\/a><\/p>\n\n\n\n<h3 class=\"wp-block-heading\"><strong><strong>Orari Messe<\/strong><\/strong><\/h3>\n\n\n\n<p><strong>Lun &#8211; Ven:<\/strong> 9:00, 19:00<br><strong>Sab:<\/strong> 9:00, 17:30, 19:00<br><strong>Dom: <\/strong>9:00, 10:30, 12:00, 19:00<\/p>\n\n\n\n<h3 class=\"wp-block-heading\"><strong>Orari Confessioni<\/strong><\/h3>\n\n\n\n<p><strong>Tutti i Giorni:<\/strong> 18:30 &#8211; 19:00<br><strong>Ven:<\/strong> 17:30 &#8211; 19:30<br><strong>Luned\u00ec e Venerd\u00ec mattina:<\/strong> 10:00 &#8211; 12:00<strong><br>Pre-festivi, Domenica e festivi:<\/strong> in prossimit\u00e0 delle Sante Messe<\/p>\n\n\n\n<h3 class=\"wp-block-heading\"><strong>Orari Rosario<\/strong><\/h3>\n\n\n\n<p><strong>Mar: <\/strong>19.40 (dopo&nbsp;la&nbsp;Santa&nbsp;Messa)<br><strong>Gio:<\/strong> 9:40 (dopo&nbsp;la&nbsp;Santa&nbsp;Messa)<\/p>\n\n\n\n<h3 class=\"wp-block-heading\">Centro di Ascolto<\/h3>\n\n\n\n<p><strong>Marted\u00ec e Gioved\u00ec:<\/strong> 10:00 &#8211; 11:30<\/p>\n\n\n\n<h3 class=\"wp-block-heading\"><strong>Ufficio Parrocchiale&nbsp;<\/strong><\/h3>\n\n\n\n<p><strong>Mattina:<\/strong> Luned\u00ec, Mercoled\u00ec, Venerd\u00ec, Sabato orario 10-12<br><strong>Pomeriggio:<\/strong> Dal Luned\u00ec al Venerd\u00ec orario 16.30-18.30<\/p>\n\n\n\n<h3 class=\"wp-block-heading\"><strong>Adorazione Eucaristica<\/strong><\/h3>\n\n\n\n<p><strong>Lun &#8211; Dom: <\/strong>07:00 &#8211; 24:00<\/p>\n\n\n\n<h3 class=\"wp-block-heading\"><strong><strong>Preghiera per le vocazioni<\/strong><\/strong><\/h3>\n\n\n\n<p><strong>Ven:<\/strong> 17:30<\/p>\n\n\n\n<h3 class=\"wp-block-heading\"><strong>Vespri<\/strong><\/h3>\n\n\n\n<p><strong>Ven:<\/strong> 18:30<\/p>\n\n\n\n<h3 class=\"wp-block-heading\"><strong>Compieta<\/strong><\/h3>\n\n\n\n<p><strong>Ven<\/strong>: 21:50<\/p>\n\n\n\n<h3 class=\"wp-block-heading\"><strong>Giardinetto<\/strong><\/h3>\n\n\n\n<p><strong>ORARI LIMITATI<\/strong>: INFO:&nbsp;<a href=\"mailto:parchetto.ps@gmail.com\">parchetto.ps@gmail.com<\/a><br><strong>CHISURA POMERIDIANA<\/strong>: Dalle 12.30 alle 13.00<\/p>\n","protected":false},"excerpt":{"rendered":"<p>Orario Definitivo 2025 Orari Messe Lun &#8211; Ven: 9:00, 19:00Sab: 9:00, 17:30, 19:00Dom: 9:00, 10:30, 12:00, 19:00 Orari Confessioni Tutti i Giorni: 18:30 &#8211; 19:00Ven: 17:30 &#8211; 19:30Luned\u00ec e Venerd\u00ec [&hellip;]<\/p>\n","protected":false},"author":3,"featured_media":220,"parent":105,"menu_order":0,"comment_status":"closed","ping_status":"closed","template":"","meta":{"_EventAllDay":false,"_EventTimezone":"","_EventStartDate":"","_EventEndDate":"","_EventStartDateUTC":"","_EventEndDateUTC":"","_EventShowMap":false,"_EventShowMapLink":false,"_EventURL":"","_EventCost":"","_EventCostDescription":"","_EventCurrencySymbol":"","_EventCurrencyCode":"","_EventCurrencyPosition":"","_EventDateTimeSeparator":"","_EventTimeRangeSeparator":"","_EventOrganizerID":[],"_EventVenueID":[],"_OrganizerEmail":"","_OrganizerPhone":"","_OrganizerWebsite":"","_VenueAddress":"","_VenueCity":"","_VenueCountry":"","_VenueProvince":"","_VenueState":"","_VenueZip":"","_VenuePhone":"","_VenueURL":"","_VenueStateProvince":"","_VenueLat":"","_VenueLng":"","_VenueShowMap":false,"_VenueShowMapLink":false,"footnotes":""},"class_list":["post-213","page","type-page","status-publish","has-post-thumbnail","hentry"],"_links":{"self":[{"href":"https:\/\/preziosissimo.org\/index.php\/wp-json\/wp\/v2\/pages\/213","targetHints":{"allow":["GET"]}}],"collection":[{"href":"https:\/\/preziosissimo.org\/index.php\/wp-json\/wp\/v2\/pages"}],"about":[{"href":"https:\/\/preziosissimo.org\/index.php\/wp-json\/wp\/v2\/types\/page"}],"author":[{"embeddable":true,"href":"https:\/\/preziosissimo.org\/index.php\/wp-json\/wp\/v2\/users\/3"}],"replies":[{"embeddable":true,"href":"https:\/\/preziosissimo.org\/index.php\/wp-json\/wp\/v2\/comments?post=213"}],"version-history":[{"count":18,"href":"https:\/\/preziosissimo.org\/index.php\/wp-json\/wp\/v2\/pages\/213\/revisions"}],"predecessor-version":[{"id":736,"href":"https:\/\/preziosissimo.org\/index.php\/wp-json\/wp\/v2\/pages\/213\/revisions\/736"}],"up":[{"embeddable":true,"href":"https:\/\/preziosissimo.org\/index.php\/wp-json\/wp\/v2\/pages\/105"}],"wp:featuredmedia":[{"embeddable":true,"href":"https:\/\/preziosissimo.org\/index.php\/wp-json\/wp\/v2\/media\/220"}],"wp:attachment":[{"href":"https:\/\/preziosissimo.org\/index.php\/wp-json\/wp\/v2\/media?parent=213"}],"curies":[{"name":"wp","href":"https:\/\/api.w.org\/{rel}","templated":true}]}}