{"id":174,"date":"2024-12-03T22:49:56","date_gmt":"2024-12-03T21:49:56","guid":{"rendered":"https:\/\/preziosissimo.org\/?page_id=174"},"modified":"2024-12-05T00:15:35","modified_gmt":"2024-12-04T23:15:35","slug":"centro-di-ascolto-e-caritas","status":"publish","type":"page","link":"https:\/\/preziosissimo.org\/index.php\/fraternita\/centro-di-ascolto-e-caritas\/","title":{"rendered":"Centro di Ascolto e Caritas"},"content":{"rendered":"\n<p><strong>BACKUP VECCHIO SITO<\/strong><\/p>\n\n\n\n<p><strong>Centro di ascolto<\/strong> (<a href=\"mailto:centroascolto.ps@gmail.com\">Mandaci una e-mail<\/a>)<br>Uno sportello aperto due volte alla settimana che permette un contatto con le persone al fine di poter accogliere e sovvenire come possibile alle esigenze dei richiedenti, in coordinamento con la Caritas diocesana.<\/p>\n\n\n\n<p><br>Orario di apertura: marted\u00ec e gioved\u00ec, ore 10:00-11:30<\/p>\n\n\n\n<p><\/p>\n\n\n\n<p><strong>Coordinamento Caritas<\/strong><\/p>\n\n\n\n<p><em>Gli si fece vicino, gli fasci\u00f2 le ferite, versandovi olio e vino; poi lo caric\u00f2 sulla sua cavalcatura, lo port\u00f2 in un albergo e si prese cura di lui. (Luca 10,34)<\/em><\/p>\n\n\n\n<p><br>La Caritas parrocchiale esprime, nel territorio della parrocchia, la sollecitudine della Chiesa intera per i pi\u00f9 deboli e bisognosi. Insieme viviamo durante l\u2019anno la gioia di poter essere, nel nostro piccolo, strumenti della Provvidenza divina portando sollievo materiale e spirituale a coloro che necessitano di aiuto e sostegno:<br>famiglie, anziani, bambini, carcerati \u2026 Il nostro impegno pi\u00f9 che essere un volontariato \u00e8 piuttosto risposta ad una chiamata al servizio dei fratelli.<br>In tal seno desideriamo aiutare tutta la Comunit\u00e0 a vivere la dimensione cristiana della prossimit\u00e0 e della carit\u00e0 promuovendo iniziative di solidariet\u00e0 e di sensibilizzazione che aiutino a conoscere la nostra realt\u00e0 di quartiere e, al tempo stesso, cercando di promuovere i carismi di ciascuno per il bene di tutti.<br>Attualmente riusciamo a svolgere:<br>&#8211; servizio di assistenza ad anziani, persone sole e\/o ammalate. Lo facciamo dedicando loro del tempo, offrendo loro un po\u2019 di compagnia, poter svolgere piccoli servizi e rispondere ad emergenze varie (p.e. l&#8217;accompagnamento di un anziano dal medico).<br>&#8211; raccolta di viveri non deperibili (p.e. pasta &#8211; riso &#8211; olio &#8211; legumi &#8211; tonno &#8211; biscotti) durante il tempo di Avvento &#8211; Natale e di Quaresima &#8211; Pasqua.<br>&#8211; Raccogliamo indumenti a favore della Casa Famiglia Suore di Maria SS. Consolatrice (Labaro, Via Torfanini 27) e dei detenuti del Carcere di Rebibbia, nonch\u00e9 di assistiti indigenti e senza fissa dimora in collaborazione con la Parrocchia di S. Gaetano.<\/p>\n\n\n\n<p><\/p>\n\n\n\n<p><strong>Raccolta Indumenti<\/strong><\/p>\n\n\n\n<p><em>&#8220;Da&#8217; del tuo pane a chi ha fame e fa&#8217; parte dei tuoi vestiti agli ignudi. Da&#8217; in elemosina quanto ti avanza e quando fai elemosina il tuo occhio non abbia rimpianti&#8221;. (Tobia 4,16)<\/em><\/p>\n\n\n\n<p><br>Esclusivamente negli <a href=\"https:\/\/preziosissimo.org\/index.php\/orari-uffici-e-apertura-chiesa\/\">orari di ufficio parrocchiale<\/a> raccogliamo qualsiasi tipo di indumento (purch\u00e9 in buone condizioni e pulito), sia estivo che invernale, per uomo, donna e bambino (da neonati in su).<br>Pi\u00f9 nello specifico \u00e8 possibile portare: sciarpe, cappelli, piumini, guanti, cappotti, golf, pile, felpe, camicie e magliette, tute, pantaloni corti, gonne, costumi, accappatoi, asciugamani e teli da bagno, scarpe pelle e sportive, stivali, vestiti, borse donna, abbigliamento premaman, abbigliamento per neonati \u2026<br>Per i bambini \u00e8 possibile portare anche accessori (quali carrozzine, passeggini, lettini con coperte e lenzuolini, fasciatoi e seggioloni) e giocattoli (prendiamo solo peluches).<br>Raccogliemmo anche suppellettili quali tovaglie, pentole integre, posate, grembiuli e lino da cucina, lenzuola (set completo), coperte, piumoni da letto.<\/p>\n\n\n\n<p>Vi preghiamo \u2014 per ovvi motivi \u2014 di non lasciare indumenti incustoditi davanti alle porte della parrocchia ma di rispettare gli orari di ufficio parrocchiale o di contattare la responsabile, grazie.<\/p>\n\n\n\n<p><strong>Raccolta Cibo<\/strong><\/p>\n\n\n\n<p><em>&#8220;Da&#8217; del tuo pane a chi ha fame e fa&#8217; parte dei tuoi vestiti agli ignudi. Da&#8217; in elemosina quanto ti avanza e quando fai elemosina il tuo occhio non abbia rimpianti&#8221;. (Tobia 4,16)<\/em><\/p>\n\n\n\n<p>Durante tutto l\u2019anno \u2014 e in special modo nei Tempi Forti di Avvento-Natale e Quaresima-Pasqua \u2014 \u00e8<br>possibile portare in parrocchia alimenti non deperibili che saranno destinate per le necessit\u00e0 quotidiane di alcune famiglie assistite dalla parrocchia e della Casa Famiglia delle Suore di Maria SS. Consolatrice (Labaro).<br>Per i neonati \u00e8 possibile anche portare omogeneizzati, biscotti, latte in polvere, pastine.<\/p>\n\n\n\n<p>Vi preghiamo \u2014 per ovvi motivi \u2014 di non lasciare cibo incustodito davanti alle porte della parrocchia ma di rispettare gli orari di ufficio parrocchiale o di contattare la responsabile, grazie.<\/p>\n\n\n\n<p><\/p>\n","protected":false},"excerpt":{"rendered":"<p>BACKUP VECCHIO SITO Centro di ascolto (Mandaci una e-mail)Uno sportello aperto due volte alla settimana che permette un contatto con le persone al fine di poter accogliere e sovvenire come [&hellip;]<\/p>\n","protected":false},"author":3,"featured_media":359,"parent":42,"menu_order":0,"comment_status":"closed","ping_status":"closed","template":"","meta":{"_EventAllDay":false,"_EventTimezone":"","_EventStartDate":"","_EventEndDate":"","_EventStartDateUTC":"","_EventEndDateUTC":"","_EventShowMap":false,"_EventShowMapLink":false,"_EventURL":"","_EventCost":"","_EventCostDescription":"","_EventCurrencySymbol":"","_EventCurrencyCode":"","_EventCurrencyPosition":"","_EventDateTimeSeparator":"","_EventTimeRangeSeparator":"","_EventOrganizerID":[],"_EventVenueID":[],"_OrganizerEmail":"","_OrganizerPhone":"","_OrganizerWebsite":"","_VenueAddress":"","_VenueCity":"","_VenueCountry":"","_VenueProvince":"","_VenueState":"","_VenueZip":"","_VenuePhone":"","_VenueURL":"","_VenueStateProvince":"","_VenueLat":"","_VenueLng":"","_VenueShowMap":false,"_VenueShowMapLink":false,"footnotes":""},"class_list":["post-174","page","type-page","status-publish","has-post-thumbnail","hentry"],"_links":{"self":[{"href":"https:\/\/preziosissimo.org\/index.php\/wp-json\/wp\/v2\/pages\/174","targetHints":{"allow":["GET"]}}],"collection":[{"href":"https:\/\/preziosissimo.org\/index.php\/wp-json\/wp\/v2\/pages"}],"about":[{"href":"https:\/\/preziosissimo.org\/index.php\/wp-json\/wp\/v2\/types\/page"}],"author":[{"embeddable":true,"href":"https:\/\/preziosissimo.org\/index.php\/wp-json\/wp\/v2\/users\/3"}],"replies":[{"embeddable":true,"href":"https:\/\/preziosissimo.org\/index.php\/wp-json\/wp\/v2\/comments?post=174"}],"version-history":[{"count":6,"href":"https:\/\/preziosissimo.org\/index.php\/wp-json\/wp\/v2\/pages\/174\/revisions"}],"predecessor-version":[{"id":312,"href":"https:\/\/preziosissimo.org\/index.php\/wp-json\/wp\/v2\/pages\/174\/revisions\/312"}],"up":[{"embeddable":true,"href":"https:\/\/preziosissimo.org\/index.php\/wp-json\/wp\/v2\/pages\/42"}],"wp:featuredmedia":[{"embeddable":true,"href":"https:\/\/preziosissimo.org\/index.php\/wp-json\/wp\/v2\/media\/359"}],"wp:attachment":[{"href":"https:\/\/preziosissimo.org\/index.php\/wp-json\/wp\/v2\/media?parent=174"}],"curies":[{"name":"wp","href":"https:\/\/api.w.org\/{rel}","templated":true}]}}