{"id":166,"date":"2024-12-03T22:49:05","date_gmt":"2024-12-03T21:49:05","guid":{"rendered":"https:\/\/preziosissimo.org\/?page_id=166"},"modified":"2024-12-12T08:16:02","modified_gmt":"2024-12-12T07:16:02","slug":"oratorio","status":"publish","type":"page","link":"https:\/\/preziosissimo.org\/index.php\/fraternita\/oratorio\/","title":{"rendered":"Oratorio"},"content":{"rendered":"\n<p>L\u2019oratorio \u00e8 aperto <strong>dal Luned\u00ec al Venerd\u00ec<\/strong> dalle <strong>16 alle 18 <\/strong>per i ragazzi di <strong>medie e superiori<\/strong>, mentre il <strong>Sabato dalle 15 alle 18<\/strong> per <strong>bambini e ragazzi dai 6 ai 12 anni.<br><\/strong>Ci impegniamo affinch\u00e9 il nostro oratorio sia un luogo dove sentirsi a casa. Proponiamo attivit\u00e0 sempre pi\u00f9 originali e attraverso di esse cerchiamo di trasmettere ai ragazzi i valori della Fede in maniera divertente.<br>Inoltre, ci teniamo a far tirare fuori il carisma e il talento di ognuno per metterlo a frutto insieme.<br>Proponiamo feste per trascorrere pi\u00f9 tempo insieme e rafforzare i rapporti, ma soprattutto per invitare in oratorio ragazzi lontani dalla realt\u00e0 parrocchiale e dalla Fede.<\/p>\n\n\n\n<figure class=\"wp-block-image size-full\"><img data-dominant-color=\"7b7a86\" data-has-transparency=\"false\" style=\"--dominant-color: #7b7a86;\" loading=\"lazy\" decoding=\"async\" width=\"1024\" height=\"768\" src=\"https:\/\/preziosissimo.org\/wp-content\/uploads\/2024\/12\/image0.avif\" alt=\"\" class=\"wp-image-431 not-transparent\" srcset=\"https:\/\/preziosissimo.org\/wp-content\/uploads\/2024\/12\/image0.avif 1024w, https:\/\/preziosissimo.org\/wp-content\/uploads\/2024\/12\/image0-300x225.avif 300w, https:\/\/preziosissimo.org\/wp-content\/uploads\/2024\/12\/image0-768x576.avif 768w\" sizes=\"auto, (max-width: 1024px) 100vw, 1024px\" \/><\/figure>\n\n\n\n<figure class=\"wp-block-image size-large\"><img data-dominant-color=\"7d7e7f\" data-has-transparency=\"false\" style=\"--dominant-color: #7d7e7f;\" loading=\"lazy\" decoding=\"async\" width=\"1024\" height=\"768\" src=\"https:\/\/preziosissimo.org\/wp-content\/uploads\/2024\/12\/image2-1024x768.avif\" alt=\"\" class=\"wp-image-432 not-transparent\" srcset=\"https:\/\/preziosissimo.org\/wp-content\/uploads\/2024\/12\/image2-1024x768.avif 1024w, https:\/\/preziosissimo.org\/wp-content\/uploads\/2024\/12\/image2-300x225.avif 300w, https:\/\/preziosissimo.org\/wp-content\/uploads\/2024\/12\/image2-768x576.avif 768w, https:\/\/preziosissimo.org\/wp-content\/uploads\/2024\/12\/image2-1536x1152.avif 1536w, https:\/\/preziosissimo.org\/wp-content\/uploads\/2024\/12\/image2.avif 2000w\" sizes=\"auto, (max-width: 1024px) 100vw, 1024px\" \/><\/figure>\n","protected":false},"excerpt":{"rendered":"<p>L\u2019oratorio \u00e8 aperto dal Luned\u00ec al Venerd\u00ec dalle 16 alle 18 per i ragazzi di medie e superiori, mentre il Sabato dalle 15 alle 18 per bambini e ragazzi dai [&hellip;]<\/p>\n","protected":false},"author":3,"featured_media":227,"parent":42,"menu_order":0,"comment_status":"closed","ping_status":"closed","template":"","meta":{"_EventAllDay":false,"_EventTimezone":"","_EventStartDate":"","_EventEndDate":"","_EventStartDateUTC":"","_EventEndDateUTC":"","_EventShowMap":false,"_EventShowMapLink":false,"_EventURL":"","_EventCost":"","_EventCostDescription":"","_EventCurrencySymbol":"","_EventCurrencyCode":"","_EventCurrencyPosition":"","_EventDateTimeSeparator":"","_EventTimeRangeSeparator":"","_EventOrganizerID":[],"_EventVenueID":[],"_OrganizerEmail":"","_OrganizerPhone":"","_OrganizerWebsite":"","_VenueAddress":"","_VenueCity":"","_VenueCountry":"","_VenueProvince":"","_VenueState":"","_VenueZip":"","_VenuePhone":"","_VenueURL":"","_VenueStateProvince":"","_VenueLat":"","_VenueLng":"","_VenueShowMap":false,"_VenueShowMapLink":false,"footnotes":""},"class_list":["post-166","page","type-page","status-publish","has-post-thumbnail","hentry"],"_links":{"self":[{"href":"https:\/\/preziosissimo.org\/index.php\/wp-json\/wp\/v2\/pages\/166","targetHints":{"allow":["GET"]}}],"collection":[{"href":"https:\/\/preziosissimo.org\/index.php\/wp-json\/wp\/v2\/pages"}],"about":[{"href":"https:\/\/preziosissimo.org\/index.php\/wp-json\/wp\/v2\/types\/page"}],"author":[{"embeddable":true,"href":"https:\/\/preziosissimo.org\/index.php\/wp-json\/wp\/v2\/users\/3"}],"replies":[{"embeddable":true,"href":"https:\/\/preziosissimo.org\/index.php\/wp-json\/wp\/v2\/comments?post=166"}],"version-history":[{"count":4,"href":"https:\/\/preziosissimo.org\/index.php\/wp-json\/wp\/v2\/pages\/166\/revisions"}],"predecessor-version":[{"id":433,"href":"https:\/\/preziosissimo.org\/index.php\/wp-json\/wp\/v2\/pages\/166\/revisions\/433"}],"up":[{"embeddable":true,"href":"https:\/\/preziosissimo.org\/index.php\/wp-json\/wp\/v2\/pages\/42"}],"wp:featuredmedia":[{"embeddable":true,"href":"https:\/\/preziosissimo.org\/index.php\/wp-json\/wp\/v2\/media\/227"}],"wp:attachment":[{"href":"https:\/\/preziosissimo.org\/index.php\/wp-json\/wp\/v2\/media?parent=166"}],"curies":[{"name":"wp","href":"https:\/\/api.w.org\/{rel}","templated":true}]}}