{"id":152,"date":"2024-12-03T22:47:21","date_gmt":"2024-12-03T21:47:21","guid":{"rendered":"https:\/\/preziosissimo.org\/?page_id=152"},"modified":"2024-12-05T00:09:13","modified_gmt":"2024-12-04T23:09:13","slug":"coro","status":"publish","type":"page","link":"https:\/\/preziosissimo.org\/index.php\/liturgia\/coro\/","title":{"rendered":"Coro"},"content":{"rendered":"\n<p><strong>BACKUP VECCHIO SITO<\/strong><\/p>\n\n\n\n<p><em>&#8220;1 Cantate al Signore un canto nuovo,<br>cantate al Signore da tutta la terra.<br>2 Cantate al Signore, benedite il suo nome,<br>annunziate di giorno in giorno la sua salvezza.&#8221;\u00a0(Sal 95)<\/em><br>\u00a0<br>\u00ab(\u2026) A ragione sant&#8217;Agostino in un suo famoso sermone afferma: \u00ab L&#8217;uomo nuovo sa qual \u00e8 il cantico nuovo. Il cantare \u00e8 espressione di gioia e, se pensiamo a ci\u00f2 con un po&#8217; pi\u00f9 di attenzione, \u00e8 espressione di amore\u00bb (Sermo\u00a034,1). Il Popolo di Dio radunato per la celebrazione canta le lodi di Dio. La Chiesa, nella sua bimillenaria storia, ha creato, e continua a creare, musica e canti che costituiscono un patrimonio di fede e di amore che non deve andare perduto. Davvero, in liturgia non possiamo dire che un canto vale l&#8217;altro. A tale proposito, occorre evitare la generica improvvisazione o l&#8217;introduzione di generi musicali non rispettosi del senso della liturgia. In quanto elemento liturgico, il canto deve integrarsi nella forma propria della celebrazione. Di conseguenza tutto \u2013 nel testo, nella melodia, nell&#8217;esecuzione \u2013 deve corrispondere al senso del mistero celebrato, alle parti del rito e ai tempi liturgici. Infine, pur tenendo conto dei diversi orientamenti e delle differenti tradizioni assai lodevoli, desidero, come \u00e8 stato chiesto dai Padri sinodali, che venga adeguatamente valorizzato il canto gregoriano, in quanto canto proprio della liturgia romana\u00bb.\u00a0Benedetto XVI,\u00a0Sacramentum Caritatis, 42.<br>\u00a0<br>Il Coro (Schola cantorum) svolge durante la celebrazione un importante ministero liturgico: eseguendo le parti che le sono proprie, promuove la partecipazione attiva dei fedeli. A tal fine \u00ab\u00e8 opportuno che vi sia un cantore o maestro di coro per dirigere e sostenere il canto del popolo. Anzi, mancando la\u00a0schola, \u00e8 compito del cantore guidare i diversi canti, facendo partecipare il popolo per la parte che gli spetta\u00bb (Cf.\u00a0Ordinamento Generale del Messale Romano, 104).\u00a0<br>\u00a0<br>Per Informazioni contattare\u00a0Francesca\u00a0fmartini.lumiere@gmail.com<\/p>\n","protected":false},"excerpt":{"rendered":"<p>BACKUP VECCHIO SITO &#8220;1 Cantate al Signore un canto nuovo,cantate al Signore da tutta la terra.2 Cantate al Signore, benedite il suo nome,annunziate di giorno in giorno la sua salvezza.&#8221;\u00a0(Sal [&hellip;]<\/p>\n","protected":false},"author":3,"featured_media":362,"parent":44,"menu_order":0,"comment_status":"closed","ping_status":"closed","template":"","meta":{"_EventAllDay":false,"_EventTimezone":"","_EventStartDate":"","_EventEndDate":"","_EventStartDateUTC":"","_EventEndDateUTC":"","_EventShowMap":false,"_EventShowMapLink":false,"_EventURL":"","_EventCost":"","_EventCostDescription":"","_EventCurrencySymbol":"","_EventCurrencyCode":"","_EventCurrencyPosition":"","_EventDateTimeSeparator":"","_EventTimeRangeSeparator":"","_EventOrganizerID":[],"_EventVenueID":[],"_OrganizerEmail":"","_OrganizerPhone":"","_OrganizerWebsite":"","_VenueAddress":"","_VenueCity":"","_VenueCountry":"","_VenueProvince":"","_VenueState":"","_VenueZip":"","_VenuePhone":"","_VenueURL":"","_VenueStateProvince":"","_VenueLat":"","_VenueLng":"","_VenueShowMap":false,"_VenueShowMapLink":false,"footnotes":""},"class_list":["post-152","page","type-page","status-publish","has-post-thumbnail","hentry"],"_links":{"self":[{"href":"https:\/\/preziosissimo.org\/index.php\/wp-json\/wp\/v2\/pages\/152","targetHints":{"allow":["GET"]}}],"collection":[{"href":"https:\/\/preziosissimo.org\/index.php\/wp-json\/wp\/v2\/pages"}],"about":[{"href":"https:\/\/preziosissimo.org\/index.php\/wp-json\/wp\/v2\/types\/page"}],"author":[{"embeddable":true,"href":"https:\/\/preziosissimo.org\/index.php\/wp-json\/wp\/v2\/users\/3"}],"replies":[{"embeddable":true,"href":"https:\/\/preziosissimo.org\/index.php\/wp-json\/wp\/v2\/comments?post=152"}],"version-history":[{"count":3,"href":"https:\/\/preziosissimo.org\/index.php\/wp-json\/wp\/v2\/pages\/152\/revisions"}],"predecessor-version":[{"id":337,"href":"https:\/\/preziosissimo.org\/index.php\/wp-json\/wp\/v2\/pages\/152\/revisions\/337"}],"up":[{"embeddable":true,"href":"https:\/\/preziosissimo.org\/index.php\/wp-json\/wp\/v2\/pages\/44"}],"wp:featuredmedia":[{"embeddable":true,"href":"https:\/\/preziosissimo.org\/index.php\/wp-json\/wp\/v2\/media\/362"}],"wp:attachment":[{"href":"https:\/\/preziosissimo.org\/index.php\/wp-json\/wp\/v2\/media?parent=152"}],"curies":[{"name":"wp","href":"https:\/\/api.w.org\/{rel}","templated":true}]}}