{"id":136,"date":"2024-12-03T22:42:20","date_gmt":"2024-12-03T21:42:20","guid":{"rendered":"https:\/\/preziosissimo.org\/?page_id=136"},"modified":"2024-12-16T23:54:26","modified_gmt":"2024-12-16T22:54:26","slug":"tipi-loschi-e-corsi","status":"publish","type":"page","link":"https:\/\/preziosissimo.org\/index.php\/evangelizzazione\/tipi-loschi-e-corsi\/","title":{"rendered":"Tipi Loschi e Corsi"},"content":{"rendered":"\n<p>Gruppo per gli adolescenti liceali post-cresima che vogliono continuare il loro cammino di fede. In questo cammino si cresce nella fede, nella preghiera, la conoscenza di s\u00e9 insieme con altri ragazzi, vivendo cos\u00ec la bellezza della comunit\u00e0 che Ges\u00f9 ci offre.&nbsp;<\/p>\n\n\n\n<p>Si raduna ogni gioved\u00ec dalle 19:00 alle 20:30.\u00a0<\/p>\n\n\n\n<p><strong>Responsabile: Kate Cropp 3515674184<\/strong><\/p>\n\n\n\n<figure class=\"wp-block-gallery has-nested-images columns-default is-cropped wp-block-gallery-1 is-layout-flex wp-block-gallery-is-layout-flex\"><\/figure>\n\n\n\n<figure class=\"wp-block-gallery has-nested-images columns-default is-cropped wp-block-gallery-2 is-layout-flex wp-block-gallery-is-layout-flex\">\n<figure class=\"wp-block-image size-large\"><img data-dominant-color=\"7c7985\" data-has-transparency=\"false\" style=\"--dominant-color: #7c7985;\" loading=\"lazy\" decoding=\"async\" width=\"1024\" height=\"460\" data-id=\"440\" src=\"https:\/\/preziosissimo.org\/wp-content\/uploads\/2024\/12\/unnamed-2-1024x460.avif\" alt=\"\" class=\"wp-image-440 not-transparent\" srcset=\"https:\/\/preziosissimo.org\/wp-content\/uploads\/2024\/12\/unnamed-2-1024x460.avif 1024w, https:\/\/preziosissimo.org\/wp-content\/uploads\/2024\/12\/unnamed-2-300x135.avif 300w, https:\/\/preziosissimo.org\/wp-content\/uploads\/2024\/12\/unnamed-2-768x345.avif 768w, https:\/\/preziosissimo.org\/wp-content\/uploads\/2024\/12\/unnamed-2-1536x690.avif 1536w, https:\/\/preziosissimo.org\/wp-content\/uploads\/2024\/12\/unnamed-2.avif 1600w\" sizes=\"auto, (max-width: 1024px) 100vw, 1024px\" \/><\/figure>\n\n\n\n<figure class=\"wp-block-image size-large\"><img data-dominant-color=\"827688\" data-has-transparency=\"false\" style=\"--dominant-color: #827688;\" loading=\"lazy\" decoding=\"async\" width=\"768\" height=\"1024\" data-id=\"444\" src=\"https:\/\/preziosissimo.org\/wp-content\/uploads\/2024\/12\/unnamed-3-1-768x1024.avif\" alt=\"\" class=\"wp-image-444 not-transparent\" srcset=\"https:\/\/preziosissimo.org\/wp-content\/uploads\/2024\/12\/unnamed-3-1-768x1024.avif 768w, https:\/\/preziosissimo.org\/wp-content\/uploads\/2024\/12\/unnamed-3-1-225x300.avif 225w, https:\/\/preziosissimo.org\/wp-content\/uploads\/2024\/12\/unnamed-3-1-1152x1536.avif 1152w, https:\/\/preziosissimo.org\/wp-content\/uploads\/2024\/12\/unnamed-3-1.avif 1200w\" sizes=\"auto, (max-width: 768px) 100vw, 768px\" \/><\/figure>\n\n\n\n<figure class=\"wp-block-image size-large\"><img data-dominant-color=\"6b7d80\" data-has-transparency=\"false\" style=\"--dominant-color: #6b7d80;\" loading=\"lazy\" decoding=\"async\" width=\"1024\" height=\"768\" data-id=\"443\" src=\"https:\/\/preziosissimo.org\/wp-content\/uploads\/2024\/12\/unnamed-1-1-1024x768.avif\" alt=\"\" class=\"wp-image-443 not-transparent\" srcset=\"https:\/\/preziosissimo.org\/wp-content\/uploads\/2024\/12\/unnamed-1-1-1024x768.avif 1024w, https:\/\/preziosissimo.org\/wp-content\/uploads\/2024\/12\/unnamed-1-1-300x225.avif 300w, https:\/\/preziosissimo.org\/wp-content\/uploads\/2024\/12\/unnamed-1-1-768x576.avif 768w, https:\/\/preziosissimo.org\/wp-content\/uploads\/2024\/12\/unnamed-1-1-1536x1152.avif 1536w, https:\/\/preziosissimo.org\/wp-content\/uploads\/2024\/12\/unnamed-1-1.avif 1600w\" sizes=\"auto, (max-width: 1024px) 100vw, 1024px\" \/><\/figure>\n<\/figure>\n","protected":false},"excerpt":{"rendered":"<p>Gruppo per gli adolescenti liceali post-cresima che vogliono continuare il loro cammino di fede. In questo cammino si cresce nella fede, nella preghiera, la conoscenza di s\u00e9 insieme con altri [&hellip;]<\/p>\n","protected":false},"author":3,"featured_media":361,"parent":67,"menu_order":0,"comment_status":"closed","ping_status":"closed","template":"","meta":{"_EventAllDay":false,"_EventTimezone":"","_EventStartDate":"","_EventEndDate":"","_EventStartDateUTC":"","_EventEndDateUTC":"","_EventShowMap":false,"_EventShowMapLink":false,"_EventURL":"","_EventCost":"","_EventCostDescription":"","_EventCurrencySymbol":"","_EventCurrencyCode":"","_EventCurrencyPosition":"","_EventDateTimeSeparator":"","_EventTimeRangeSeparator":"","_EventOrganizerID":[],"_EventVenueID":[],"_OrganizerEmail":"","_OrganizerPhone":"","_OrganizerWebsite":"","_VenueAddress":"","_VenueCity":"","_VenueCountry":"","_VenueProvince":"","_VenueState":"","_VenueZip":"","_VenuePhone":"","_VenueURL":"","_VenueStateProvince":"","_VenueLat":"","_VenueLng":"","_VenueShowMap":false,"_VenueShowMapLink":false,"footnotes":""},"class_list":["post-136","page","type-page","status-publish","has-post-thumbnail","hentry"],"_links":{"self":[{"href":"https:\/\/preziosissimo.org\/index.php\/wp-json\/wp\/v2\/pages\/136","targetHints":{"allow":["GET"]}}],"collection":[{"href":"https:\/\/preziosissimo.org\/index.php\/wp-json\/wp\/v2\/pages"}],"about":[{"href":"https:\/\/preziosissimo.org\/index.php\/wp-json\/wp\/v2\/types\/page"}],"author":[{"embeddable":true,"href":"https:\/\/preziosissimo.org\/index.php\/wp-json\/wp\/v2\/users\/3"}],"replies":[{"embeddable":true,"href":"https:\/\/preziosissimo.org\/index.php\/wp-json\/wp\/v2\/comments?post=136"}],"version-history":[{"count":3,"href":"https:\/\/preziosissimo.org\/index.php\/wp-json\/wp\/v2\/pages\/136\/revisions"}],"predecessor-version":[{"id":446,"href":"https:\/\/preziosissimo.org\/index.php\/wp-json\/wp\/v2\/pages\/136\/revisions\/446"}],"up":[{"embeddable":true,"href":"https:\/\/preziosissimo.org\/index.php\/wp-json\/wp\/v2\/pages\/67"}],"wp:featuredmedia":[{"embeddable":true,"href":"https:\/\/preziosissimo.org\/index.php\/wp-json\/wp\/v2\/media\/361"}],"wp:attachment":[{"href":"https:\/\/preziosissimo.org\/index.php\/wp-json\/wp\/v2\/media?parent=136"}],"curies":[{"name":"wp","href":"https:\/\/api.w.org\/{rel}","templated":true}]}}