{"id":132,"date":"2024-12-03T22:41:55","date_gmt":"2024-12-03T21:41:55","guid":{"rendered":"https:\/\/preziosissimo.org\/?page_id=132"},"modified":"2025-02-02T01:05:26","modified_gmt":"2025-02-02T00:05:26","slug":"corsi-per-adulti","status":"publish","type":"page","link":"https:\/\/preziosissimo.org\/index.php\/evangelizzazione\/corsi-per-adulti\/","title":{"rendered":"Corsi per Adulti"},"content":{"rendered":"\n<p><strong>PROSSIMO CORSO:<\/strong> 28, 29 e 30 Marzo 2025 &#8211; Iscrizioni entro il 23 Marzo cliccando <a href=\"https:\/\/docs.google.com\/forms\/d\/e\/1FAIpQLSc-Jv_Jw1JWBkYzyNpLrEyA7LaQG0gaknbnjcQC3WxRcDJXFg\/viewform\">qui<\/a>. Per maggiori informazioni sull&#8217;evento cliccare <a href=\"https:\/\/preziosissimo.org\/index.php\/corso-beati-voi\/\" data-type=\"post\" data-id=\"618\">qui<\/a>.<\/p>\n\n\n\n<p><strong>BACKUP VECCHIO SITO<\/strong><\/p>\n\n\n\n<p>In virt\u00f9 del Battesimo ricevuto, ogni membro del Popolo di Dio \u00e8 diventato discepolo missionario <em>(cf. Matteo 28,19)<\/em>. Ciascun battezzato, qualunque sia la sua funzione nella Chiesa e il grado di istruzione della sua fede, \u00e8 un soggetto attivo di evangelizzazione (\u2026). La nuova evangelizzazione deve implicare un nuovo protagonismo di ciascuno dei battezzati. [Papa Francesco, Evangelii Gaudium, 120] Desiderosi di rispondere con gioia ed entusiasmo al mandato di Ges\u00f9 ad andare in tutto il mondo e predicare il vangelo ad ogni creatura (cf. Marco 16,15) ed essere sempre pi\u00f9 &#8220;Chiesa in uscita&#8221; (EG 20-24) la nostra comunit\u00e0 parrocchiale propone un ampio programma di corsi che, a partire dal\u00a0primo annuncio\u00a0della novit\u00e0 del Vangelo, aiuti gradualmente i fedeli a crescere e maturare nel rapporto con Dio e del Magistero I corsi attinenti alla\u00a0Scuola di Evangelizzazione Sant\u2019Andrea\u00a0e del\u00a0Centro Kerygma\u00a0sono realizzati da un\u2019equipe costituita da laici e guidati sempre dai sacerdoti.<br><\/p>\n","protected":false},"excerpt":{"rendered":"<p>PROSSIMO CORSO: 28, 29 e 30 Marzo 2025 &#8211; Iscrizioni entro il 23 Marzo cliccando qui. Per maggiori informazioni sull&#8217;evento cliccare qui. BACKUP VECCHIO SITO In virt\u00f9 del Battesimo ricevuto, [&hellip;]<\/p>\n","protected":false},"author":3,"featured_media":361,"parent":67,"menu_order":0,"comment_status":"closed","ping_status":"closed","template":"","meta":{"_EventAllDay":false,"_EventTimezone":"","_EventStartDate":"","_EventEndDate":"","_EventStartDateUTC":"","_EventEndDateUTC":"","_EventShowMap":false,"_EventShowMapLink":false,"_EventURL":"","_EventCost":"","_EventCostDescription":"","_EventCurrencySymbol":"","_EventCurrencyCode":"","_EventCurrencyPosition":"","_EventDateTimeSeparator":"","_EventTimeRangeSeparator":"","_EventOrganizerID":[],"_EventVenueID":[],"_OrganizerEmail":"","_OrganizerPhone":"","_OrganizerWebsite":"","_VenueAddress":"","_VenueCity":"","_VenueCountry":"","_VenueProvince":"","_VenueState":"","_VenueZip":"","_VenuePhone":"","_VenueURL":"","_VenueStateProvince":"","_VenueLat":"","_VenueLng":"","_VenueShowMap":false,"_VenueShowMapLink":false,"footnotes":""},"class_list":["post-132","page","type-page","status-publish","has-post-thumbnail","hentry"],"_links":{"self":[{"href":"https:\/\/preziosissimo.org\/index.php\/wp-json\/wp\/v2\/pages\/132","targetHints":{"allow":["GET"]}}],"collection":[{"href":"https:\/\/preziosissimo.org\/index.php\/wp-json\/wp\/v2\/pages"}],"about":[{"href":"https:\/\/preziosissimo.org\/index.php\/wp-json\/wp\/v2\/types\/page"}],"author":[{"embeddable":true,"href":"https:\/\/preziosissimo.org\/index.php\/wp-json\/wp\/v2\/users\/3"}],"replies":[{"embeddable":true,"href":"https:\/\/preziosissimo.org\/index.php\/wp-json\/wp\/v2\/comments?post=132"}],"version-history":[{"count":6,"href":"https:\/\/preziosissimo.org\/index.php\/wp-json\/wp\/v2\/pages\/132\/revisions"}],"predecessor-version":[{"id":622,"href":"https:\/\/preziosissimo.org\/index.php\/wp-json\/wp\/v2\/pages\/132\/revisions\/622"}],"up":[{"embeddable":true,"href":"https:\/\/preziosissimo.org\/index.php\/wp-json\/wp\/v2\/pages\/67"}],"wp:featuredmedia":[{"embeddable":true,"href":"https:\/\/preziosissimo.org\/index.php\/wp-json\/wp\/v2\/media\/361"}],"wp:attachment":[{"href":"https:\/\/preziosissimo.org\/index.php\/wp-json\/wp\/v2\/media?parent=132"}],"curies":[{"name":"wp","href":"https:\/\/api.w.org\/{rel}","templated":true}]}}