{"id":120,"date":"2024-12-03T22:40:31","date_gmt":"2024-12-03T21:40:31","guid":{"rendered":"https:\/\/preziosissimo.org\/?page_id=120"},"modified":"2024-12-20T17:39:41","modified_gmt":"2024-12-20T16:39:41","slug":"programma-pastorale","status":"publish","type":"page","link":"https:\/\/preziosissimo.org\/index.php\/la-parrocchia\/programma-pastorale\/","title":{"rendered":"Programma Pastorale"},"content":{"rendered":"\n<p>Il programma pastorale di quest\u2019anno, 2024-2025 avr\u00e0 come motto \u201cCristo Ges\u00f9, nostra speranza\u201d (1 Tim, 1,1). Vivremo un anno di grazia con il Giubileo e quindi desideriamo ravvivare la nostra speranza in Cristo che \u00e8 la roccia su cui vogliamo fondare la nostra vita, proprio come la Chiesa ha deciso di fare per tutto il Giubileo come \u201cPellegrini di speranza\u201d.<br>Durante l\u2019anno oltre all\u2019Adorazione Eucaristica perpetua, proponiamo corsi di evangelizzazione e di formazione sia per adulti che per giovani; ci sono anche dei corsi per le coppie di sposi per ravvivare il loro matrimonio.<br>Nelle case continuiamo il percorso delle cellule parrocchiali di evangelizzazione per la crescita spirituale e missionaria di diversi laici e giovani.<br>Avremo momenti di convivialit\u00e0 e di fraternit\u00e0 con alcuni pellegrinaggi.<br>Nella nostra comunit\u00e0 abbiamo anche i percorsi di due associazioni: la comunit\u00e0 scout Agesci e la comunit\u00e0 Fede e Luce che con le loro attivit\u00e0 contribuiscono alla crescita umana e spirituale di diverse persone, adulti e ragazzi.<\/p>\n\n\n\n<p><strong>Ottobre<\/strong>:<br>13: Processione con la Madonna di Fatima<br>19-20: Corso Nuova Vita.<br>19-20: Sutri: Primo Incontro con Ges\u00f9 (cresimandi)<br>27: Cresime<br><strong>Novembre:<br><\/strong>Lun 4,11,18,25: Corso Guarigione interiore (le mattine)<br>9-10 Domenica dell\u2019Adorazione Eucaristica (con Notte Bianca dell\u2019Adorazione)<br>9: Incontro adoratori<br>16: Incontro di tutte le cellule \u2013 compleanno<br>23: Pellegrinaggio a Siena<br>30: Corso San Girolamo<br><strong>Dicembre<\/strong>:<br>1: Corso San Girolamo<br>Lun 2,9: Corso Guarigione interiore<br>15: Fine del Corso Guarigione interiore<br>24: Inizio Anno Giubileo<br><strong>Gennaio:<br><\/strong>11: Corso \u201cEvangelizzare l\u2019ambiente di vita\u201d<br>18-19: Corso don Bosco (per i nuovi animatori)<br>25-26: Corso Nazareth (per coppie di sposi)<br><strong>Febbraio:<br><\/strong>8: Incontro conclusivo corso \u201cEvangelizzare l\u2019ambiente di vita\u201d<br>22: Anniversario Adorazione Eucaristica<br><strong>Marzo:<\/strong><br>15-16: Corso Coppie di sposi sul Cantico dei Cantici<br>22-23: Corso tu sei prezioso (per giovani)<br>29-30: Corso \u201cBeati voi\u201d di Quaresima per tutti<br><strong>Aprile<\/strong>:<br>5: Pellegrinaggio a Cascia<br><strong>Maggio:<\/strong><br>10: Prime comunioni<br>11: Prime confessioni<br>18: Festa della Parrocchia<br><strong>Giugno:<\/strong><br>6-7-8: Giubileo Movimenti e Associazioni<br>9-10: SEMINARIO INTERNAZIONALE \u2013 ROMA &#8211; S. ANDREA DELLA VALLE<\/p>\n\n\n\n<p><\/p>\n","protected":false},"excerpt":{"rendered":"<p>Il programma pastorale di quest\u2019anno, 2024-2025 avr\u00e0 come motto \u201cCristo Ges\u00f9, nostra speranza\u201d (1 Tim, 1,1). Vivremo un anno di grazia con il Giubileo e quindi desideriamo ravvivare la nostra [&hellip;]<\/p>\n","protected":false},"author":3,"featured_media":220,"parent":105,"menu_order":0,"comment_status":"closed","ping_status":"closed","template":"","meta":{"_EventAllDay":false,"_EventTimezone":"","_EventStartDate":"","_EventEndDate":"","_EventStartDateUTC":"","_EventEndDateUTC":"","_EventShowMap":false,"_EventShowMapLink":false,"_EventURL":"","_EventCost":"","_EventCostDescription":"","_EventCurrencySymbol":"","_EventCurrencyCode":"","_EventCurrencyPosition":"","_EventDateTimeSeparator":"","_EventTimeRangeSeparator":"","_EventOrganizerID":[],"_EventVenueID":[],"_OrganizerEmail":"","_OrganizerPhone":"","_OrganizerWebsite":"","_VenueAddress":"","_VenueCity":"","_VenueCountry":"","_VenueProvince":"","_VenueState":"","_VenueZip":"","_VenuePhone":"","_VenueURL":"","_VenueStateProvince":"","_VenueLat":"","_VenueLng":"","_VenueShowMap":false,"_VenueShowMapLink":false,"footnotes":""},"class_list":["post-120","page","type-page","status-publish","has-post-thumbnail","hentry"],"_links":{"self":[{"href":"https:\/\/preziosissimo.org\/index.php\/wp-json\/wp\/v2\/pages\/120","targetHints":{"allow":["GET"]}}],"collection":[{"href":"https:\/\/preziosissimo.org\/index.php\/wp-json\/wp\/v2\/pages"}],"about":[{"href":"https:\/\/preziosissimo.org\/index.php\/wp-json\/wp\/v2\/types\/page"}],"author":[{"embeddable":true,"href":"https:\/\/preziosissimo.org\/index.php\/wp-json\/wp\/v2\/users\/3"}],"replies":[{"embeddable":true,"href":"https:\/\/preziosissimo.org\/index.php\/wp-json\/wp\/v2\/comments?post=120"}],"version-history":[{"count":3,"href":"https:\/\/preziosissimo.org\/index.php\/wp-json\/wp\/v2\/pages\/120\/revisions"}],"predecessor-version":[{"id":486,"href":"https:\/\/preziosissimo.org\/index.php\/wp-json\/wp\/v2\/pages\/120\/revisions\/486"}],"up":[{"embeddable":true,"href":"https:\/\/preziosissimo.org\/index.php\/wp-json\/wp\/v2\/pages\/105"}],"wp:featuredmedia":[{"embeddable":true,"href":"https:\/\/preziosissimo.org\/index.php\/wp-json\/wp\/v2\/media\/220"}],"wp:attachment":[{"href":"https:\/\/preziosissimo.org\/index.php\/wp-json\/wp\/v2\/media?parent=120"}],"curies":[{"name":"wp","href":"https:\/\/api.w.org\/{rel}","templated":true}]}}